{"id":260,"date":"2023-06-19T08:45:53","date_gmt":"2023-06-19T08:45:53","guid":{"rendered":"https:\/\/posta-romana.md\/?page_id=260"},"modified":"2023-06-23T19:47:23","modified_gmt":"2023-06-23T19:47:23","slug":"noutati","status":"publish","type":"page","link":"https:\/\/posta-romana.md\/index.php\/noutati\/","title":{"rendered":"Nout\u0103\u021bi"},"content":{"rendered":"\t\t<div data-elementor-type=\"wp-page\" data-elementor-id=\"260\" class=\"elementor elementor-260\">\n\t\t\t\t\t\t<section class=\"elementor-section elementor-top-section elementor-element elementor-element-619ea807 elementor-section-height-min-height elementor-section-boxed elementor-section-height-default elementor-section-items-middle\" data-id=\"619ea807\" data-element_type=\"section\" data-settings=\"{&quot;background_background&quot;:&quot;classic&quot;}\">\n\t\t\t\t\t\t\t<div class=\"elementor-background-overlay\"><\/div>\n\t\t\t\t\t\t\t<div class=\"elementor-container elementor-column-gap-default\">\n\t\t\t\t\t<div class=\"elementor-column elementor-col-100 elementor-top-column elementor-element elementor-element-1b32ea79\" data-id=\"1b32ea79\" data-element_type=\"column\">\n\t\t\t<div class=\"elementor-widget-wrap elementor-element-populated\">\n\t\t\t\t\t\t<div class=\"elementor-element elementor-element-1448275a elementor-invisible elementor-widget elementor-widget-heading\" data-id=\"1448275a\" data-element_type=\"widget\" data-settings=\"{&quot;_animation&quot;:&quot;fadeInUp&quot;}\" data-widget_type=\"heading.default\">\n\t\t\t\t<div class=\"elementor-widget-container\">\n\t\t\t\t\t<h1 class=\"elementor-heading-title elementor-size-default\">Nout\u0103\u021bi<\/h1>\t\t\t\t<\/div>\n\t\t\t\t<\/div>\n\t\t\t\t<div class=\"elementor-element elementor-element-b22a54d elementor-invisible elementor-widget elementor-widget-text-editor\" data-id=\"b22a54d\" data-element_type=\"widget\" data-settings=\"{&quot;_animation&quot;:&quot;fadeInUp&quot;}\" data-widget_type=\"text-editor.default\">\n\t\t\t\t<div class=\"elementor-widget-container\">\n\t\t\t\t\t\t\t\t\t<p>Descoper\u0103 ultimile nout\u0103\u021bi \u0219i articole specifice Po\u0219tei Rom\u00e2ne<\/p>\t\t\t\t\t\t\t\t<\/div>\n\t\t\t\t<\/div>\n\t\t\t\t<div class=\"elementor-element elementor-element-6965f0b4 elementor-icon-list--layout-inline elementor-align-center elementor-list-item-link-full_width elementor-widget elementor-widget-icon-list\" data-id=\"6965f0b4\" data-element_type=\"widget\" data-widget_type=\"icon-list.default\">\n\t\t\t\t<div class=\"elementor-widget-container\">\n\t\t\t\t\t\t\t<ul class=\"elementor-icon-list-items elementor-inline-items\">\n\t\t\t\t\t\t\t<li class=\"elementor-icon-list-item elementor-inline-item\">\n\t\t\t\t\t\t\t\t\t\t<span class=\"elementor-icon-list-text\">Acas\u0103<\/span>\n\t\t\t\t\t\t\t\t\t<\/li>\n\t\t\t\t\t\t\t\t<li class=\"elementor-icon-list-item elementor-inline-item\">\n\t\t\t\t\t\t\t\t\t\t<span class=\"elementor-icon-list-text\">\/<\/span>\n\t\t\t\t\t\t\t\t\t<\/li>\n\t\t\t\t\t\t\t\t<li class=\"elementor-icon-list-item elementor-inline-item\">\n\t\t\t\t\t\t\t\t\t\t<span class=\"elementor-icon-list-text\">Nout\u0103\u021bi<\/span>\n\t\t\t\t\t\t\t\t\t<\/li>\n\t\t\t\t\t\t<\/ul>\n\t\t\t\t\t\t<\/div>\n\t\t\t\t<\/div>\n\t\t\t\t\t<\/div>\n\t\t<\/div>\n\t\t\t\t\t<\/div>\n\t\t<\/section>\n\t\t\t\t<section class=\"elementor-section elementor-top-section elementor-element elementor-element-ab9b3b6 elementor-section-boxed elementor-section-height-default elementor-section-height-default\" data-id=\"ab9b3b6\" data-element_type=\"section\">\n\t\t\t\t\t\t<div class=\"elementor-container elementor-column-gap-default\">\n\t\t\t\t\t<div class=\"elementor-column elementor-col-100 elementor-top-column elementor-element elementor-element-a61c7ef\" data-id=\"a61c7ef\" data-element_type=\"column\">\n\t\t\t<div class=\"elementor-widget-wrap elementor-element-populated\">\n\t\t\t\t\t\t<div class=\"elementor-element elementor-element-d24e64b elementor-widget elementor-widget-spacer\" data-id=\"d24e64b\" data-element_type=\"widget\" data-widget_type=\"spacer.default\">\n\t\t\t\t<div class=\"elementor-widget-container\">\n\t\t\t\t\t\t\t<div class=\"elementor-spacer\">\n\t\t\t<div class=\"elementor-spacer-inner\"><\/div>\n\t\t<\/div>\n\t\t\t\t\t\t<\/div>\n\t\t\t\t<\/div>\n\t\t\t\t\t<\/div>\n\t\t<\/div>\n\t\t\t\t\t<\/div>\n\t\t<\/section>\n\t\t\t\t<section class=\"elementor-section elementor-top-section elementor-element elementor-element-ec3b50b elementor-section-boxed elementor-section-height-default elementor-section-height-default\" data-id=\"ec3b50b\" data-element_type=\"section\">\n\t\t\t\t\t\t<div class=\"elementor-container elementor-column-gap-default\">\n\t\t\t\t\t<div class=\"elementor-column elementor-col-100 elementor-top-column elementor-element elementor-element-6a8827a\" data-id=\"6a8827a\" data-element_type=\"column\">\n\t\t\t<div class=\"elementor-widget-wrap elementor-element-populated\">\n\t\t\t\t\t\t<div class=\"elementor-element elementor-element-0515326 premium-blog-align-left elementor-widget elementor-widget-premium-addon-blog\" data-id=\"0515326\" data-element_type=\"widget\" data-settings=\"{&quot;premium_blog_columns_number&quot;:&quot;33.33%&quot;,&quot;premium_blog_grid&quot;:&quot;yes&quot;,&quot;premium_blog_layout&quot;:&quot;even&quot;,&quot;premium_blog_columns_number_tablet&quot;:&quot;50%&quot;,&quot;premium_blog_columns_number_mobile&quot;:&quot;100%&quot;}\" data-widget_type=\"premium-addon-blog.default\">\n\t\t\t\t<div class=\"elementor-widget-container\">\n\t\t\t\t\t\r\n\t\t\t\t<div class=\"premium-blog-wrap  premium-blog-even\" data-page=\"260\">\r\n\t\t\t\t\t<div class=\"premium-blog-post-outer-container\" data-total=\"1\">\r\n\t\t\t<div class=\"premium-blog-post-container premium-blog-skin-classic\">\r\n\t\t\t\t\t\t\t\t\t<div class=\"premium-blog-thumb-effect-wrapper\">\r\n\t\t\t\t\t\t<div class=\"premium-blog-thumbnail-container premium-blog-zoomin-effect\">\r\n\t\t\t\t\t\t\t<img fetchpriority=\"high\" decoding=\"async\" width=\"600\" height=\"540\" src=\"https:\/\/posta-romana.md\/wp-content\/uploads\/2023\/06\/two-handsome-movers-transporting-cardboard-box-in-ER3BXQS-600x540.png\" class=\"attachment-woocommerce_single size-woocommerce_single wp-image-17\" alt=\"\" srcset=\"https:\/\/posta-romana.md\/wp-content\/uploads\/2023\/06\/two-handsome-movers-transporting-cardboard-box-in-ER3BXQS-600x540.png 600w, https:\/\/posta-romana.md\/wp-content\/uploads\/2023\/06\/two-handsome-movers-transporting-cardboard-box-in-ER3BXQS-300x270.png 300w, https:\/\/posta-romana.md\/wp-content\/uploads\/2023\/06\/two-handsome-movers-transporting-cardboard-box-in-ER3BXQS-1024x922.png 1024w, https:\/\/posta-romana.md\/wp-content\/uploads\/2023\/06\/two-handsome-movers-transporting-cardboard-box-in-ER3BXQS-768x691.png 768w, https:\/\/posta-romana.md\/wp-content\/uploads\/2023\/06\/two-handsome-movers-transporting-cardboard-box-in-ER3BXQS.png 1333w\" sizes=\"(max-width: 600px) 100vw, 600px\" \/>\t\t\t\t\t\t<\/div>\r\n\t\t\t\t\t\t\t\t\t\t\t\t\t<div class=\"premium-blog-thumbnail-overlay\">\r\n\t\t\t\t\t\t\t\t<a class=\"elementor-icon\" href=\"https:\/\/posta-romana.md\/index.php\/2023\/06\/23\/blog-2\/\" target=\"_blank\" aria-hidden=\"true\"><span>Po\u0219ta Rom\u00e2n\u0103 \u00een era digital\u0103: Servicii moderne pentru nevoile tale<\/span><\/a>\r\n\t\t\t\t\t\t\t<\/div>\r\n\r\n\t\t\t\t\t\t\t\t\t\t\t\t\t\t\t\t\t\t<\/div>\r\n\t\t\t\t\t\t\t\t\t\t\t\t<div class=\"premium-blog-content-wrapper \">\r\n\r\n\t\t\t\t\t<div class=\"premium-blog-inner-container\">\r\n\r\n\t\t\t\t\t\t\t\t\t\t\t\t\t\t<h2 class=\"premium-blog-entry-title\">\r\n\t\t\t<a href=\"https:\/\/posta-romana.md\/index.php\/2023\/06\/23\/blog-2\/\" target=\"_blank\">\r\n\t\t\t\tPo\u0219ta Rom\u00e2n\u0103 \u00een era digital\u0103: Servicii moderne pentru nevoile tale\t\t\t<\/a>\r\n\t\t<\/h2>\r\n\t\t\t\t<div class=\"premium-blog-entry-meta\">\r\n\t\t\t\r\n\t\t\t\r\n\t\t\t\r\n\t\t\t\t\t<\/div>\r\n\t\t\r\n\t\t\t\t\t<\/div>\r\n\r\n\t\t\t\t\t\t\t<div class=\"premium-blog-content-inner-wrapper\">\r\n\t\t<p class=\"premium-blog-post-content\">Servicii moderne pentru nevoile tale \u00cen era digital\u0103 \u00een care tr\u0103im, eficien\u021ba \u0219i comoditatea devin tot mai importante \u00een toate aspectele vie\u021bii \u2026<\/p>\t\t<\/div>\r\n\t\t\t\t\t\t\t\r\n\t\t\t\t<\/div>\r\n\t\t\t<\/div>\r\n\t\t<\/div>\r\n\r\n\t\t\t\t<div class=\"premium-blog-post-outer-container\" data-total=\"1\">\r\n\t\t\t<div class=\"premium-blog-post-container premium-blog-skin-classic\">\r\n\t\t\t\t\t\t\t\t\t<div class=\"premium-blog-thumb-effect-wrapper\">\r\n\t\t\t\t\t\t<div class=\"premium-blog-thumbnail-container premium-blog-zoomin-effect\">\r\n\t\t\t\t\t\t\t<img decoding=\"async\" width=\"600\" height=\"400\" src=\"https:\/\/posta-romana.md\/wp-content\/uploads\/2023\/06\/new-rental-apartment-moving-in-A4Z3VDM-600x400.jpg\" class=\"attachment-woocommerce_single size-woocommerce_single wp-image-701\" alt=\"\" srcset=\"https:\/\/posta-romana.md\/wp-content\/uploads\/2023\/06\/new-rental-apartment-moving-in-A4Z3VDM-600x400.jpg 600w, https:\/\/posta-romana.md\/wp-content\/uploads\/2023\/06\/new-rental-apartment-moving-in-A4Z3VDM-300x200.jpg 300w, https:\/\/posta-romana.md\/wp-content\/uploads\/2023\/06\/new-rental-apartment-moving-in-A4Z3VDM-1024x683.jpg 1024w, https:\/\/posta-romana.md\/wp-content\/uploads\/2023\/06\/new-rental-apartment-moving-in-A4Z3VDM-768x512.jpg 768w, https:\/\/posta-romana.md\/wp-content\/uploads\/2023\/06\/new-rental-apartment-moving-in-A4Z3VDM.jpg 1200w\" sizes=\"(max-width: 600px) 100vw, 600px\" \/>\t\t\t\t\t\t<\/div>\r\n\t\t\t\t\t\t\t\t\t\t\t\t\t<div class=\"premium-blog-thumbnail-overlay\">\r\n\t\t\t\t\t\t\t\t<a class=\"elementor-icon\" href=\"https:\/\/posta-romana.md\/index.php\/2023\/06\/23\/blog-3\/\" target=\"_blank\" aria-hidden=\"true\"><span>Transformarea serviciilor tradi\u021bionale \u00een solu\u021bii moderne<\/span><\/a>\r\n\t\t\t\t\t\t\t<\/div>\r\n\r\n\t\t\t\t\t\t\t\t\t\t\t\t\t\t\t\t\t\t<\/div>\r\n\t\t\t\t\t\t\t\t\t\t\t\t<div class=\"premium-blog-content-wrapper \">\r\n\r\n\t\t\t\t\t<div class=\"premium-blog-inner-container\">\r\n\r\n\t\t\t\t\t\t\t\t\t\t\t\t\t\t<h2 class=\"premium-blog-entry-title\">\r\n\t\t\t<a href=\"https:\/\/posta-romana.md\/index.php\/2023\/06\/23\/blog-3\/\" target=\"_blank\">\r\n\t\t\t\tTransformarea serviciilor tradi\u021bionale \u00een solu\u021bii moderne\t\t\t<\/a>\r\n\t\t<\/h2>\r\n\t\t\t\t<div class=\"premium-blog-entry-meta\">\r\n\t\t\t\r\n\t\t\t\r\n\t\t\t\r\n\t\t\t\t\t<\/div>\r\n\t\t\r\n\t\t\t\t\t<\/div>\r\n\r\n\t\t\t\t\t\t\t<div class=\"premium-blog-content-inner-wrapper\">\r\n\t\t<p class=\"premium-blog-post-content\">Transformarea serviciilor tradi\u021bionale \u00een solu\u021bii moderne \u00cen era digital\u0103 \u00een care tr\u0103im, serviciile po\u0219tale au trecut printr-o transformare profund\u0103 pentru a se \u2026<\/p>\t\t<\/div>\r\n\t\t\t\t\t\t\t\r\n\t\t\t\t<\/div>\r\n\t\t\t<\/div>\r\n\t\t<\/div>\r\n\r\n\t\t\t\t<div class=\"premium-blog-post-outer-container\" data-total=\"1\">\r\n\t\t\t<div class=\"premium-blog-post-container premium-blog-skin-classic\">\r\n\t\t\t\t\t\t\t\t\t<div class=\"premium-blog-thumb-effect-wrapper\">\r\n\t\t\t\t\t\t<div class=\"premium-blog-thumbnail-container premium-blog-zoomin-effect\">\r\n\t\t\t\t\t\t\t<img decoding=\"async\" width=\"600\" height=\"401\" src=\"https:\/\/posta-romana.md\/wp-content\/uploads\/2023\/06\/img-40-600x401.jpeg\" class=\"attachment-woocommerce_single size-woocommerce_single wp-image-207\" alt=\"\" srcset=\"https:\/\/posta-romana.md\/wp-content\/uploads\/2023\/06\/img-40-600x401.jpeg 600w, https:\/\/posta-romana.md\/wp-content\/uploads\/2023\/06\/img-40-300x200.jpeg 300w, https:\/\/posta-romana.md\/wp-content\/uploads\/2023\/06\/img-40-768x513.jpeg 768w, https:\/\/posta-romana.md\/wp-content\/uploads\/2023\/06\/img-40.jpeg 1024w\" sizes=\"(max-width: 600px) 100vw, 600px\" \/>\t\t\t\t\t\t<\/div>\r\n\t\t\t\t\t\t\t\t\t\t\t\t\t<div class=\"premium-blog-thumbnail-overlay\">\r\n\t\t\t\t\t\t\t\t<a class=\"elementor-icon\" href=\"https:\/\/posta-romana.md\/index.php\/2023\/06\/23\/blog-1\/\" target=\"_blank\" aria-hidden=\"true\"><span>Importan\u021ba serviciilor po\u0219tale \u00een era digital\u0103<\/span><\/a>\r\n\t\t\t\t\t\t\t<\/div>\r\n\r\n\t\t\t\t\t\t\t\t\t\t\t\t\t\t\t\t\t\t<\/div>\r\n\t\t\t\t\t\t\t\t\t\t\t\t<div class=\"premium-blog-content-wrapper \">\r\n\r\n\t\t\t\t\t<div class=\"premium-blog-inner-container\">\r\n\r\n\t\t\t\t\t\t\t\t\t\t\t\t\t\t<h2 class=\"premium-blog-entry-title\">\r\n\t\t\t<a href=\"https:\/\/posta-romana.md\/index.php\/2023\/06\/23\/blog-1\/\" target=\"_blank\">\r\n\t\t\t\tImportan\u021ba serviciilor po\u0219tale \u00een era digital\u0103\t\t\t<\/a>\r\n\t\t<\/h2>\r\n\t\t\t\t<div class=\"premium-blog-entry-meta\">\r\n\t\t\t\r\n\t\t\t\r\n\t\t\t\r\n\t\t\t\t\t<\/div>\r\n\t\t\r\n\t\t\t\t\t<\/div>\r\n\r\n\t\t\t\t\t\t\t<div class=\"premium-blog-content-inner-wrapper\">\r\n\t\t<p class=\"premium-blog-post-content\">Importan\u021ba serviciilor po\u0219tale \u00een era digital\u0103 \u00cen era tehnologiei \u0219i a comunic\u0103rii digitale, serviciile po\u0219tale r\u0103m\u00e2n un element vital \u00een societatea noastr\u0103. \u2026<\/p>\t\t<\/div>\r\n\t\t\t\t\t\t\t\r\n\t\t\t\t<\/div>\r\n\t\t\t<\/div>\r\n\t\t<\/div>\r\n\r\n\t\t\t\t<\/div>\r\n\r\n\t\t\t\t\t\t<\/div>\n\t\t\t\t<\/div>\n\t\t\t\t\t<\/div>\n\t\t<\/div>\n\t\t\t\t\t<\/div>\n\t\t<\/section>\n\t\t\t\t<\/div>\n\t\t","protected":false},"excerpt":{"rendered":"<p>Nout\u0103\u021bi Descoper\u0103 ultimile nout\u0103\u021bi \u0219i articole specifice Po\u0219tei Rom\u00e2ne Acas\u0103 \/ Nout\u0103\u021bi Po\u0219ta Rom\u00e2n\u0103 \u00een era digital\u0103: Servicii moderne pentru nevoile tale Po\u0219ta Rom\u00e2n\u0103 \u00een era digital\u0103: Servicii moderne pentru nevoile tale Servicii moderne pentru nevoile tale \u00cen era digital\u0103 \u00een care tr\u0103im, eficien\u021ba \u0219i comoditatea devin tot mai importante \u00een toate aspectele vie\u021bii \u2026 [&hellip;]<\/p>\n","protected":false},"author":1,"featured_media":0,"parent":0,"menu_order":0,"comment_status":"closed","ping_status":"closed","template":"","meta":{"footnotes":""},"class_list":["post-260","page","type-page","status-publish","hentry"],"_links":{"self":[{"href":"https:\/\/posta-romana.md\/index.php\/wp-json\/wp\/v2\/pages\/260","targetHints":{"allow":["GET"]}}],"collection":[{"href":"https:\/\/posta-romana.md\/index.php\/wp-json\/wp\/v2\/pages"}],"about":[{"href":"https:\/\/posta-romana.md\/index.php\/wp-json\/wp\/v2\/types\/page"}],"author":[{"embeddable":true,"href":"https:\/\/posta-romana.md\/index.php\/wp-json\/wp\/v2\/users\/1"}],"replies":[{"embeddable":true,"href":"https:\/\/posta-romana.md\/index.php\/wp-json\/wp\/v2\/comments?post=260"}],"version-history":[{"count":19,"href":"https:\/\/posta-romana.md\/index.php\/wp-json\/wp\/v2\/pages\/260\/revisions"}],"predecessor-version":[{"id":821,"href":"https:\/\/posta-romana.md\/index.php\/wp-json\/wp\/v2\/pages\/260\/revisions\/821"}],"wp:attachment":[{"href":"https:\/\/posta-romana.md\/index.php\/wp-json\/wp\/v2\/media?parent=260"}],"curies":[{"name":"wp","href":"https:\/\/api.w.org\/{rel}","templated":true}]}}