{"id":262,"date":"2023-06-19T08:46:09","date_gmt":"2023-06-19T08:46:09","guid":{"rendered":"https:\/\/posta-romana.md\/?page_id=262"},"modified":"2023-06-28T12:41:48","modified_gmt":"2023-06-28T12:41:48","slug":"produse","status":"publish","type":"page","link":"https:\/\/posta-romana.md\/index.php\/produse\/","title":{"rendered":"Produse"},"content":{"rendered":"\t\t<div data-elementor-type=\"wp-page\" data-elementor-id=\"262\" class=\"elementor elementor-262\">\n\t\t\t\t\t\t<section class=\"elementor-section elementor-top-section elementor-element elementor-element-71f7606f elementor-section-height-min-height elementor-section-boxed elementor-section-height-default elementor-section-items-middle\" data-id=\"71f7606f\" data-element_type=\"section\" data-settings=\"{&quot;background_background&quot;:&quot;classic&quot;}\">\n\t\t\t\t\t\t\t<div class=\"elementor-background-overlay\"><\/div>\n\t\t\t\t\t\t\t<div class=\"elementor-container elementor-column-gap-default\">\n\t\t\t\t\t<div class=\"elementor-column elementor-col-100 elementor-top-column elementor-element elementor-element-585b37c1\" data-id=\"585b37c1\" data-element_type=\"column\">\n\t\t\t<div class=\"elementor-widget-wrap elementor-element-populated\">\n\t\t\t\t\t\t<div class=\"elementor-element elementor-element-3c1a1a1e elementor-invisible elementor-widget elementor-widget-heading\" data-id=\"3c1a1a1e\" data-element_type=\"widget\" data-settings=\"{&quot;_animation&quot;:&quot;fadeInUp&quot;}\" data-widget_type=\"heading.default\">\n\t\t\t\t<div class=\"elementor-widget-container\">\n\t\t\t\t\t<h1 class=\"elementor-heading-title elementor-size-default\">Produse<\/h1>\t\t\t\t<\/div>\n\t\t\t\t<\/div>\n\t\t\t\t<div class=\"elementor-element elementor-element-2aa8c6ae elementor-invisible elementor-widget elementor-widget-text-editor\" data-id=\"2aa8c6ae\" data-element_type=\"widget\" data-settings=\"{&quot;_animation&quot;:&quot;fadeInUp&quot;}\" data-widget_type=\"text-editor.default\">\n\t\t\t\t<div class=\"elementor-widget-container\">\n\t\t\t\t\t\t\t\t\t<p>Descoper\u0103 produsele oferite de c\u0103tre Po\u0219ta Rom\u00e2n\u0103 \u00een Republica Moldova<\/p>\t\t\t\t\t\t\t\t<\/div>\n\t\t\t\t<\/div>\n\t\t\t\t<div class=\"elementor-element elementor-element-696dddc4 elementor-icon-list--layout-inline elementor-align-center elementor-list-item-link-full_width elementor-widget elementor-widget-icon-list\" data-id=\"696dddc4\" data-element_type=\"widget\" data-widget_type=\"icon-list.default\">\n\t\t\t\t<div class=\"elementor-widget-container\">\n\t\t\t\t\t\t\t<ul class=\"elementor-icon-list-items elementor-inline-items\">\n\t\t\t\t\t\t\t<li class=\"elementor-icon-list-item elementor-inline-item\">\n\t\t\t\t\t\t\t\t\t\t<span class=\"elementor-icon-list-text\">Acas\u0103<\/span>\n\t\t\t\t\t\t\t\t\t<\/li>\n\t\t\t\t\t\t\t\t<li class=\"elementor-icon-list-item elementor-inline-item\">\n\t\t\t\t\t\t\t\t\t\t<span class=\"elementor-icon-list-text\">\/<\/span>\n\t\t\t\t\t\t\t\t\t<\/li>\n\t\t\t\t\t\t\t\t<li class=\"elementor-icon-list-item elementor-inline-item\">\n\t\t\t\t\t\t\t\t\t\t<span class=\"elementor-icon-list-text\">Produse<\/span>\n\t\t\t\t\t\t\t\t\t<\/li>\n\t\t\t\t\t\t<\/ul>\n\t\t\t\t\t\t<\/div>\n\t\t\t\t<\/div>\n\t\t\t\t\t<\/div>\n\t\t<\/div>\n\t\t\t\t\t<\/div>\n\t\t<\/section>\n\t\t\t\t<section class=\"elementor-section elementor-top-section elementor-element elementor-element-9d3bb6a elementor-section-boxed elementor-section-height-default elementor-section-height-default\" data-id=\"9d3bb6a\" data-element_type=\"section\">\n\t\t\t\t\t\t<div class=\"elementor-container elementor-column-gap-default\">\n\t\t\t\t\t<div class=\"elementor-column elementor-col-33 elementor-top-column elementor-element elementor-element-d66e35c\" data-id=\"d66e35c\" data-element_type=\"column\">\n\t\t\t<div class=\"elementor-widget-wrap elementor-element-populated\">\n\t\t\t\t\t\t<div class=\"elementor-element elementor-element-3e167d0 elementor-widget elementor-widget-image\" data-id=\"3e167d0\" data-element_type=\"widget\" data-widget_type=\"image.default\">\n\t\t\t\t<div class=\"elementor-widget-container\">\n\t\t\t\t\t\t\t\t\t\t\t\t\t\t\t\t<a href=\"https:\/\/www.posta-romana.ro\/mypostalcard.html\">\n\t\t\t\t\t\t\t<img fetchpriority=\"high\" decoding=\"async\" width=\"600\" height=\"600\" src=\"https:\/\/posta-romana.md\/wp-content\/uploads\/2023\/06\/Imagini-Servicii-cu-plata-online-MyPostalcard.png\" class=\"attachment-large size-large wp-image-403\" alt=\"\" srcset=\"https:\/\/posta-romana.md\/wp-content\/uploads\/2023\/06\/Imagini-Servicii-cu-plata-online-MyPostalcard.png 600w, https:\/\/posta-romana.md\/wp-content\/uploads\/2023\/06\/Imagini-Servicii-cu-plata-online-MyPostalcard-300x300.png 300w, https:\/\/posta-romana.md\/wp-content\/uploads\/2023\/06\/Imagini-Servicii-cu-plata-online-MyPostalcard-100x100.png 100w, https:\/\/posta-romana.md\/wp-content\/uploads\/2023\/06\/Imagini-Servicii-cu-plata-online-MyPostalcard-150x150.png 150w\" sizes=\"(max-width: 600px) 100vw, 600px\" \/>\t\t\t\t\t\t\t\t<\/a>\n\t\t\t\t\t\t\t\t\t\t\t\t\t\t\t<\/div>\n\t\t\t\t<\/div>\n\t\t\t\t\t<\/div>\n\t\t<\/div>\n\t\t\t\t<div class=\"elementor-column elementor-col-33 elementor-top-column elementor-element elementor-element-54926ea\" data-id=\"54926ea\" data-element_type=\"column\">\n\t\t\t<div class=\"elementor-widget-wrap elementor-element-populated\">\n\t\t\t\t\t\t<div class=\"elementor-element elementor-element-41e43c3 elementor-widget elementor-widget-image\" data-id=\"41e43c3\" data-element_type=\"widget\" data-widget_type=\"image.default\">\n\t\t\t\t<div class=\"elementor-widget-container\">\n\t\t\t\t\t\t\t\t\t\t\t\t\t\t\t\t<a href=\"https:\/\/www.posta-romana.ro\/mymark.html\">\n\t\t\t\t\t\t\t<img decoding=\"async\" width=\"600\" height=\"600\" src=\"https:\/\/posta-romana.md\/wp-content\/uploads\/2023\/06\/Imagini-Servicii-cu-plata-online-MyMark.png\" class=\"attachment-large size-large wp-image-402\" alt=\"\" srcset=\"https:\/\/posta-romana.md\/wp-content\/uploads\/2023\/06\/Imagini-Servicii-cu-plata-online-MyMark.png 600w, https:\/\/posta-romana.md\/wp-content\/uploads\/2023\/06\/Imagini-Servicii-cu-plata-online-MyMark-300x300.png 300w, https:\/\/posta-romana.md\/wp-content\/uploads\/2023\/06\/Imagini-Servicii-cu-plata-online-MyMark-100x100.png 100w, https:\/\/posta-romana.md\/wp-content\/uploads\/2023\/06\/Imagini-Servicii-cu-plata-online-MyMark-150x150.png 150w\" sizes=\"(max-width: 600px) 100vw, 600px\" \/>\t\t\t\t\t\t\t\t<\/a>\n\t\t\t\t\t\t\t\t\t\t\t\t\t\t\t<\/div>\n\t\t\t\t<\/div>\n\t\t\t\t\t<\/div>\n\t\t<\/div>\n\t\t\t\t<div class=\"elementor-column elementor-col-33 elementor-top-column elementor-element elementor-element-101e30e\" data-id=\"101e30e\" data-element_type=\"column\">\n\t\t\t<div class=\"elementor-widget-wrap elementor-element-populated\">\n\t\t\t\t\t\t<div class=\"elementor-element elementor-element-0db741d elementor-widget elementor-widget-image\" data-id=\"0db741d\" data-element_type=\"widget\" data-widget_type=\"image.default\">\n\t\t\t\t<div class=\"elementor-widget-container\">\n\t\t\t\t\t\t\t\t\t\t\t\t\t\t\t\t<a href=\"https:\/\/www.posta-romana.ro\/myletter.html\">\n\t\t\t\t\t\t\t<img decoding=\"async\" width=\"600\" height=\"600\" src=\"https:\/\/posta-romana.md\/wp-content\/uploads\/2023\/06\/Imagini-Servicii-cu-plata-online-MyLetter.png\" class=\"attachment-large size-large wp-image-401\" alt=\"\" srcset=\"https:\/\/posta-romana.md\/wp-content\/uploads\/2023\/06\/Imagini-Servicii-cu-plata-online-MyLetter.png 600w, https:\/\/posta-romana.md\/wp-content\/uploads\/2023\/06\/Imagini-Servicii-cu-plata-online-MyLetter-300x300.png 300w, https:\/\/posta-romana.md\/wp-content\/uploads\/2023\/06\/Imagini-Servicii-cu-plata-online-MyLetter-100x100.png 100w, https:\/\/posta-romana.md\/wp-content\/uploads\/2023\/06\/Imagini-Servicii-cu-plata-online-MyLetter-150x150.png 150w\" sizes=\"(max-width: 600px) 100vw, 600px\" \/>\t\t\t\t\t\t\t\t<\/a>\n\t\t\t\t\t\t\t\t\t\t\t\t\t\t\t<\/div>\n\t\t\t\t<\/div>\n\t\t\t\t\t<\/div>\n\t\t<\/div>\n\t\t\t\t\t<\/div>\n\t\t<\/section>\n\t\t\t\t<\/div>\n\t\t","protected":false},"excerpt":{"rendered":"<p>Produse Descoper\u0103 produsele oferite de c\u0103tre Po\u0219ta Rom\u00e2n\u0103 \u00een Republica Moldova Acas\u0103 \/ Produse<\/p>\n","protected":false},"author":1,"featured_media":0,"parent":0,"menu_order":0,"comment_status":"closed","ping_status":"closed","template":"","meta":{"footnotes":""},"class_list":["post-262","page","type-page","status-publish","hentry"],"_links":{"self":[{"href":"https:\/\/posta-romana.md\/index.php\/wp-json\/wp\/v2\/pages\/262","targetHints":{"allow":["GET"]}}],"collection":[{"href":"https:\/\/posta-romana.md\/index.php\/wp-json\/wp\/v2\/pages"}],"about":[{"href":"https:\/\/posta-romana.md\/index.php\/wp-json\/wp\/v2\/types\/page"}],"author":[{"embeddable":true,"href":"https:\/\/posta-romana.md\/index.php\/wp-json\/wp\/v2\/users\/1"}],"replies":[{"embeddable":true,"href":"https:\/\/posta-romana.md\/index.php\/wp-json\/wp\/v2\/comments?post=262"}],"version-history":[{"count":22,"href":"https:\/\/posta-romana.md\/index.php\/wp-json\/wp\/v2\/pages\/262\/revisions"}],"predecessor-version":[{"id":1272,"href":"https:\/\/posta-romana.md\/index.php\/wp-json\/wp\/v2\/pages\/262\/revisions\/1272"}],"wp:attachment":[{"href":"https:\/\/posta-romana.md\/index.php\/wp-json\/wp\/v2\/media?parent=262"}],"curies":[{"name":"wp","href":"https:\/\/api.w.org\/{rel}","templated":true}]}}