{"id":3,"date":"2023-06-13T17:30:53","date_gmt":"2023-06-13T17:30:53","guid":{"rendered":"http:\/\/posta-romana.md\/?page_id=3"},"modified":"2023-07-05T15:23:41","modified_gmt":"2023-07-05T15:23:41","slug":"politica-de-confidentialitate","status":"publish","type":"page","link":"https:\/\/posta-romana.md\/index.php\/politica-de-confidentialitate\/","title":{"rendered":"Politic\u0103 de confiden\u021bialitate"},"content":{"rendered":"<div style=\"height:100px\" aria-hidden=\"true\" class=\"wp-block-spacer\"><\/div><p>Politica de confididentialitate<\/p><p><strong>POLITICA DE CONFIDEN\u0162IALITATE \u015eI DE SECURITATE A PRELUCR\u0102RII DATELOR CU CARACTER PERSONAL A Posta Romana SRL<\/strong><\/p><p>\u00cen conformitate cu prevederile Regulamentului General de Protec\u0163ie a Datelor (UE) nr. 679\/ 2016 \u2013 RGPD sau Regulamentul, privind protec\u0163ia persoanelor fizice \u00een ceea ce prive\u015fte prelucrarea datelor cu caracter personal \u015fi libera circula\u0163ie a acestor date,&nbsp;<strong>CN PO\u015eTA ROM\u00c2N\u0102 SA \u2013 CNPR si subsidiara din RM Posta Romana SRL&nbsp;<\/strong>prelucreaz\u0103 date cu caracter personal \u00een scopuri legitime, cu respectarea principiilor men\u0163ionate \u00een continuare.<\/p><p><strong>Posta Romana SRL&nbsp;<\/strong>colecteaz\u0103 \u015fi prelucreaz\u0103 date cu caracter personal, \u00een scop de:<\/p><ul class=\"wp-block-list\"><li>furnizare de servicii po\u015ftale;<\/li>\n\n<li>reclam\u0103, marketing \u015fi publicitate;<\/li>\n\n<li>activit\u0103\u0163i de comisionar vamal.<\/li><\/ul><p>Prelucrarea datelor cu caracter personal se realizeaz\u0103 cu&nbsp;<strong>responsabilitate&nbsp;<\/strong>prin mijloace mixte (manuale \u015fi automate), cu respectarea cerin\u0163elor legale \u015fi \u00een condi\u0163ii care s\u0103 asigure securitatea, confiden\u0163ialitatea, integritatea, disponibilitatea, transparen\u0163a \u015fi respectarea drepturilor persoanelor vizate.<br><br><\/p><p><strong>1. Principii ale prelucr\u0103rii datelor cu caracter personal<\/strong><\/p><p><strong>Notificarea<\/strong>:&nbsp;<strong>CNPR&nbsp;<\/strong>\u00een calitate de operator de date cu caracter personal este notificat la Autoritatea Na\u0163ional\u0103 de Supraveghere a Prelucr\u0103rii Datelor cu Caracter Personal fiind \u00eenregistrat cu nr. 8077 din 10.01.2008;<\/p><p><strong>Legalitatea<\/strong>: Datele cu caracter personal sunt prelucrate cu buna-credin\u0163\u0103, \u00een temeiul \u015fi \u00een conformitate cu prevederile legale \u00een vigoare, inclusiv conform prevederilor Regulamentului si legislatiei in viguare a Republicii Moldova<\/p><p><strong>Scopul \u015fi limitarea determinat\u0103 de scop<\/strong>: Orice prelucrare de date cu caracter personal se face \u00een scopuri bine determinate, explicite \u015fi legitime, adecvate, pertinente \u015fi neexcesive prin raportare la scopul \u00een care sunt colectate \u015fi ulterior prelucrate;&nbsp;<strong>Confiden\u0163ialitatea<\/strong>: Persoanele care prelucreaz\u0103, \u00een numele&nbsp;<strong>CNPR\/Posta Romana SRL<\/strong>, date cu caracter personal au prev\u0103zut \u00een contractul individual de munc\u0103 \u015fi \u00een \u201cfi\u015fa postului\u201d o clauz\u0103 explicit\u0103 de confiden\u0163ialitate privind prelucrarea datelor cu caracter personal;&nbsp;<strong>Consim\u0163\u0103m\u00e2ntul persoanei vizate<\/strong>: \u00cen anumite situa\u0163ii, cu excep\u0163ia prelucr\u0103rilor care vizeaz\u0103 date din categoriile strict men\u0163ionate \u00een Regulament, prelucrarea poate fi efectuat\u0103 numai dac\u0103 persoana vizat\u0103 \u015fi-a dat consimt\u0103m\u00e2ntul \u00een mod expres \u015fi neechivoc pentru acea prelucrare; \u00een celelalte situa\u0163ii&nbsp;<strong>CNPR&nbsp;<\/strong>va efectua prelucrarea, deasemenea, \u00een conformitate cu prevederile Regulamentului \u015fi ale legisla\u0163iei \u00een vigoare;<\/p><p><strong>Informarea<\/strong>: Persoanele vizate sunt informate \u00een mod explicit, prin mijloace online \u015fi offline, cu privire la faptul c\u0103 li se vor prelucra date cu caracter personal \u00een scopul realiz\u0103rii serviciilor&nbsp;<strong>CNPR<\/strong>\/Posta Romana SRL<\/p><p><strong>Protejarea persoanelor vizate<\/strong>: Persoanele vizate au garantat dreptul de informare \u015fi de acces la datele care sunt prelucrate, dreptul de rectificare, dreptul de restric\u0163ionare \u015fi dreptul de \u015ftergere a datelor, dreptul de portabilitate a datelor \u015fi dreptul de a nu fi supuse unei decizii individuale de prelucrare a datelor personale. Totodat\u0103, persoana vizat\u0103 are dreptul de a se adresa Autorit\u0103\u0163ii Na\u0163ionale de Supraveghere a Prelucr\u0103rii Datelor cu Caracter Personal sau instan\u0163ei de judecat\u0103 pentru ap\u0103rarea oric\u0103ror drepturi ocrotite de lege, care le-au fost \u00eenc\u0103lcate;&nbsp;<strong>Protejarea minorilor:&nbsp;<\/strong>Minorii care au \u00eemplinit v\u00e2rsta de 14 ani pot achizi\u0163iona \u00een nume propriu produse sau servicii \u015fi solicita, respectiv primi comunic\u0103ri de la&nbsp;<strong>Posta Romana SRL si CNPR&nbsp;<\/strong>cu acordul reprezentantului legal, conform legii. Orice prelucrare de date cu caracter personal ale minorilor se va realiza numai \u00een condi\u0163iile legii.<\/p><p><strong>Transferul de date: Posta Romana SRL&nbsp;<\/strong>nu transfer\u0103 date cu caracter personal, cu excep\u0163ia situa\u0163iilor expres prev\u0103zute de lege;<\/p><p><strong>Exactitatea: CNPR\/Posta Romana SRL&nbsp;<\/strong>are nevoie de sprijinul clien\u0163ilor s\u0103i \u00een furnizarea datelor pentru realizarea serviciilor po\u015ftale, \u00eens\u0103 exactitatea acestor date depinde de calitatea informa\u0163iilor livrate de persoanele vizate \u015fi\/ sau de partenerii contractuali;&nbsp;<strong>Identificarea:&nbsp;<\/strong>Pentru solu\u0163ionarea solicit\u0103rilor referitoare la prelucrarea datelor cu caracter personal adresate&nbsp;<strong>CNPR\/Posta Romana SRL&nbsp;<\/strong>persoana vizat\u0103 trebuie s\u0103 fac\u0103 dovada efectu\u0103rii serviciului po\u015ftal;<\/p><p><strong>Stocarea<\/strong>:&nbsp;<strong>CNPR\/Posta Romana SRL&nbsp;<\/strong>stocheaz\u0103 datele cu caracter personal pentru perioada necesar\u0103 realiz\u0103rii scopurilor pentru care au fost colectate, respectiv pentru conformarea la prevederile legale \u00een vigoare;<\/p><p><strong>Securitatea<\/strong>:&nbsp;<strong>CNPR\/Posta Romana SRL&nbsp;<\/strong>utilizeaz\u0103 metode \u015fi tehnologii de securitate, \u00eempreun\u0103 cu politici aplicate salaria\u0163ilor \u015fi proceduri de lucru, inclusiv de control, evaluare \u015fi audit, pentru a proteja datele cu caracter personal colectate conform prevederior legale \u00een vigoare.<\/p><p><strong>2. Politica prelucr\u0103rii datelor cu caracter personal<\/strong><\/p><p>\u00cen conformitate cu principiile Regulamentului \u015fi a legisla\u0163iei \u00een vigoare,&nbsp;<strong>CNPR\/Posta Romana SRL&nbsp;<\/strong>are obliga\u0163ia de a prelucra cu&nbsp;<strong>responsabilitate&nbsp;<\/strong>datele personale care \u00eei sunt furnizate.<\/p><p><strong>3. Drepturile persoanei vizate<\/strong><\/p><p>\u00cen conformitate cu prevederile Regulamentului, persoana vizat\u0103 are urm\u0103toarele drepturi:<\/p><ul class=\"wp-block-list\"><li>dreptul de a ob\u0163ine de la&nbsp;<strong>CNPR\/Posta Romana SRL<\/strong>, la cerere \u015fi \u00een mod gratuit, confirmarea faptului c\u0103 datele care o privesc sunt sau nu prelucrate de&nbsp;<strong>CNPR\/Posta Romana SRL<\/strong>, iar dac\u0103 datele sunt prelucrate de&nbsp;<strong>CNPR\/ Posta Romana SRL&nbsp;<\/strong>persoanei \u00een cauz\u0103 i se garanteaz\u0103 dreptul de a avea acces la aceste date;<\/li>\n\n<li>dreptul de a ob\u0163ine de la&nbsp;<strong>CNPR\/Posta Romana SRL<\/strong>, la cerere \u015fi \u00een mod gratuit rectificarea, actualizarea, blocarea sau \u015ftergerea datelor (dreptul de a fi uitat) a c\u0103ror prelucrare nu este conform\u0103 cu Regulamentul;<\/li>\n\n<li>dreptul de a ob\u0163ine de la&nbsp;<strong>CNPR\/Posta Romana SRL<\/strong>, la cerere \u015fi \u00een mod gratuit notificarea c\u0103tre ter\u0163ii c\u0103rora le-au fost dezv\u0103luite datele oric\u0103rei opera\u0163iuni efectuate conform Regulamentului, dac\u0103 aceast\u0103 notificare nu se dovede\u015fte imposibil\u0103 sau nu presupune un efort dispropor\u0163ionat fa\u0163\u0103 de interesul legitim care ar putea fi lezat;<\/li>\n\n<li>dreptul de a se opune \u015fi de a restric\u0163iona \u00een orice moment, din motive \u00eentemeiate \u015fi legitime, ca datele care o vizeaz\u0103 s\u0103 fac\u0103 obiectul unei prelucr\u0103ri, cu excep\u0163ia cazurilor \u00een care exist\u0103 dispozi\u0163ii legale contrare; \u00een caz de opozi\u0163ie justificat\u0103 prelucrarea nu mai poate viza datele \u00een cauz\u0103;<\/li>\n\n<li>dreptul la portabilitatea datelor, adic\u0103 primirea datelor personale, la cerere, \u00eentr-un format structurat, utilizat \u00een mod curent \u015fi care poate fi citit automat \u015fi dreptul ca aceste date s\u0103 fie transmise direct altui operator, dac\u0103 acest lucru este fezabil din punct de vedere tehnic. De asemenea, pentru a reclama nerespectarea drepturilor protejate de Regulament persoana vizat\u0103 se poate adresa ANSPDCP &#8211; Autorit\u0103\u0163ii Na\u0163ionale de Supraveghere a Prelucr\u0103rii Datelor cu Caracter Personal\/ Centrul Na\u0163ional pentru Protec\u0163ia Datelor cu Caracter Personal al Republica Moldova (CNPDCP) sau\/\u015fi instan\u0163elor de judecat\u0103.<\/li><\/ul><p><strong>4. Responsabilul cu protec\u0163ia datelor<\/strong><\/p><p>\u00cen conformitate cu prevederile Regulamentului,&nbsp;<strong>CNPR&nbsp;<\/strong>a numit responsabilul cu protec\u0163ia datelor la nivelul organiza\u0163iei \u015fi ofer\u0103 mai multe posibilit\u0103\u0163i de comunicare \u015fi informare referitoare la Regulament, respectiv: email:&nbsp;<a>protectia.datelor@posta-romana.ro<\/a>, web:&nbsp;<a>www.posta-romana.ro<\/a>, www.posta-romana.md call center Romania: 021\/ 9393.\/ tel. RM +37361182555<\/p><p><strong>5. Securitatea datelor cu caracter personal<\/strong><\/p><p>\u00cen conformitate cu prevederile Regulamentului,&nbsp;<strong>CNPR\/Posta Romana SRL&nbsp;<\/strong>depune eforturi constante, pe deoparte, pentru asigurarea unui nivel de securitate corespunz\u0103tor \u015fi reducerea\/ eliminarea riscurilor care pot afecta datele cu caracter personal prelucrate \u015fi, pe de alt\u0103 parte, pentru men\u0163inerea capacit\u0103\u0163ii de a asigura confiden\u0163ialitatea, integritatea, disponibilitatea \u015fi rezisten\u0163a continue ale sistemelor \u015fi serviciilor de prelucrare.<\/p><p><strong>6. Gestionarea riscurilor<\/strong><\/p><p>\u00cen ceea ce prive\u015fte riscurile,&nbsp;<strong>CNPR\/Posta Romana SRL&nbsp;<\/strong>\u0163ine seama \u00een special de riscurile prezentate de prelucrarea datelor, generate \u00een special, \u00een mod accidental sau ilegal, de distrugerea, pierderea, modificarea, divulgarea neautorizat\u0103 sau de accesul neautorizat la datele cu caracter personal transmise, stocate sau prelucrate \u00eentr-un alt mod.<\/p>","protected":false},"excerpt":{"rendered":"<p>Politica de confididentialitate POLITICA DE CONFIDEN\u0162IALITATE \u015eI DE SECURITATE A PRELUCR\u0102RII DATELOR CU CARACTER PERSONAL A Posta Romana SRL \u00cen conformitate cu prevederile Regulamentului General de Protec\u0163ie a Datelor (UE) nr. 679\/ 2016 \u2013 RGPD sau Regulamentul, privind protec\u0163ia persoanelor fizice \u00een ceea ce prive\u015fte prelucrarea datelor cu caracter personal \u015fi libera circula\u0163ie a acestor [&hellip;]<\/p>\n","protected":false},"author":1,"featured_media":0,"parent":0,"menu_order":0,"comment_status":"closed","ping_status":"open","template":"","meta":{"footnotes":""},"class_list":["post-3","page","type-page","status-publish","hentry"],"_links":{"self":[{"href":"https:\/\/posta-romana.md\/index.php\/wp-json\/wp\/v2\/pages\/3","targetHints":{"allow":["GET"]}}],"collection":[{"href":"https:\/\/posta-romana.md\/index.php\/wp-json\/wp\/v2\/pages"}],"about":[{"href":"https:\/\/posta-romana.md\/index.php\/wp-json\/wp\/v2\/types\/page"}],"author":[{"embeddable":true,"href":"https:\/\/posta-romana.md\/index.php\/wp-json\/wp\/v2\/users\/1"}],"replies":[{"embeddable":true,"href":"https:\/\/posta-romana.md\/index.php\/wp-json\/wp\/v2\/comments?post=3"}],"version-history":[{"count":3,"href":"https:\/\/posta-romana.md\/index.php\/wp-json\/wp\/v2\/pages\/3\/revisions"}],"predecessor-version":[{"id":1332,"href":"https:\/\/posta-romana.md\/index.php\/wp-json\/wp\/v2\/pages\/3\/revisions\/1332"}],"wp:attachment":[{"href":"https:\/\/posta-romana.md\/index.php\/wp-json\/wp\/v2\/media?parent=3"}],"curies":[{"name":"wp","href":"https:\/\/api.w.org\/{rel}","templated":true}]}}